{"id":2469,"date":"2022-10-28T07:08:20","date_gmt":"2022-10-28T07:08:20","guid":{"rendered":"https:\/\/artorias.qodeinteractive.com\/?page_id=2469"},"modified":"2023-07-27T07:24:36","modified_gmt":"2023-07-27T07:24:36","slug":"contact-us","status":"publish","type":"page","link":"https:\/\/notepike.com\/es\/contact-us\/","title":{"rendered":"Contact us"},"content":{"rendered":"<div data-elementor-type=\"wp-page\" data-elementor-id=\"2469\" class=\"elementor elementor-2469\" data-elementor-post-type=\"page\">\n\t\t\t\t\t\t<section class=\"elementor-section elementor-top-section elementor-element elementor-element-f55697a elementor-section-full_width qodef-elementor-content-grid elementor-section-height-default elementor-section-height-default\" data-id=\"f55697a\" data-element_type=\"section\">\n\t\t\t\t\t\t<div class=\"elementor-container elementor-column-gap-default\">\n\t\t\t\t\t<div class=\"elementor-column elementor-col-50 elementor-top-column elementor-element elementor-element-30c3a19\" data-id=\"30c3a19\" data-element_type=\"column\">\n\t\t\t<div class=\"elementor-widget-wrap elementor-element-populated\">\n\t\t\t\t\t\t<div class=\"elementor-element elementor-element-06f8540 elementor-widget elementor-widget-wp-widget-artorias_core_contact_form_7\" data-id=\"06f8540\" data-element_type=\"widget\" data-widget_type=\"wp-widget-artorias_core_contact_form_7.default\">\n\t\t\t\t<div class=\"elementor-widget-container\">\n\t\t\t\t\t\t\t\t<div class=\"qodef-contact-form-7\">\n\t\t\t\t\n<div class=\"wpcf7 no-js\" id=\"wpcf7-f5-o1\" lang=\"en-US\" dir=\"ltr\" data-wpcf7-id=\"5\">\n<div class=\"screen-reader-response\"><p role=\"status\" aria-live=\"polite\" aria-atomic=\"true\"><\/p> <ul><\/ul><\/div>\n<form action=\"\/es\/wp-json\/wp\/v2\/pages\/2469#wpcf7-f5-o1\" method=\"post\" class=\"wpcf7-form init\" aria-label=\"Contact form\" novalidate=\"novalidate\" data-status=\"init\" data-trp-original-action=\"\/es\/wp-json\/wp\/v2\/pages\/2469#wpcf7-f5-o1\">\n<fieldset class=\"hidden-fields-container\"><input type=\"hidden\" name=\"_wpcf7\" value=\"5\" \/><input type=\"hidden\" name=\"_wpcf7_version\" value=\"6.1\" \/><input type=\"hidden\" name=\"_wpcf7_locale\" value=\"en_US\" \/><input type=\"hidden\" name=\"_wpcf7_unit_tag\" value=\"wpcf7-f5-o1\" \/><input type=\"hidden\" name=\"_wpcf7_container_post\" value=\"0\" \/><input type=\"hidden\" name=\"_wpcf7_posted_data_hash\" value=\"\" \/>\n<\/fieldset>\n<div class=\"qodef-contact-form-7--type-1\">\n\t<p><span class=\"wpcf7-form-control-wrap\" data-name=\"your-name\"><input size=\"40\" maxlength=\"400\" class=\"wpcf7-form-control wpcf7-text wpcf7-validates-as-required\" aria-required=\"true\" aria-invalid=\"false\" placeholder=\"Nombre\" value=\"\" type=\"text\" name=\"your-name\" \/><\/span>\n\t<\/p>\n\t<p><span class=\"wpcf7-form-control-wrap\" data-name=\"your-email\"><input size=\"40\" maxlength=\"400\" class=\"wpcf7-form-control wpcf7-email wpcf7-validates-as-required wpcf7-text wpcf7-validates-as-email\" aria-required=\"true\" aria-invalid=\"false\" placeholder=\"Correo\" value=\"\" type=\"email\" name=\"your-email\" \/><\/span>\n\t<\/p>\n\t<p><span class=\"wpcf7-form-control-wrap\" data-name=\"your-message\"><textarea cols=\"40\" rows=\"10\" maxlength=\"2000\" class=\"wpcf7-form-control wpcf7-textarea\" aria-invalid=\"false\" placeholder=\"Mensaje\" name=\"your-message\"><\/textarea><\/span>\n\t<\/p>\n\t<p><button class=\"wpcf7-form-control wpcf7-submit qodef-button qodef-size--full qodef-layout--outlined qodef-m\" type=\"submit\"><span class=\"qodef-m-text\">Enviar<\/span><\/button>\n\t<\/p>\n<\/div><div class=\"wpcf7-response-output\" aria-hidden=\"true\"><\/div>\n<input type=\"hidden\" name=\"trp-form-language\" value=\"es\"\/><\/form>\n<\/div>\n\t\t\t<\/div>\n\t\t\t\t\t\t\t<\/div>\n\t\t\t\t<\/div>\n\t\t\t\t\t<\/div>\n\t\t<\/div>\n\t\t\t\t<div class=\"elementor-column elementor-col-50 elementor-top-column elementor-element elementor-element-2caeee6\" data-id=\"2caeee6\" data-element_type=\"column\">\n\t\t\t<div class=\"elementor-widget-wrap elementor-element-populated\">\n\t\t\t\t\t\t<div class=\"elementor-element elementor-element-2463ef9 elementor-widget-mobile__width-inherit elementor-widget__width-initial elementor-widget-tablet__width-initial elementor-widget elementor-widget-artorias_core_section_title\" data-id=\"2463ef9\" data-element_type=\"widget\" data-widget_type=\"artorias_core_section_title.default\">\n\t\t\t\t<div class=\"elementor-widget-container\">\n\t\t\t\t\t<div class=\"qodef-shortcode qodef-m  qodef-section-title qodef-alignment--left qodef-title-break--disabled qodef--has-appear\" style=\"--qode-column-gap: 30px\">\n\t\t<span class=\"qodef-m-tagline\" >\n        <span class=\"qodef-m-tagline-inner\">\n            ENCU\u00c9NTRANOS        <\/span>\n    <\/span>\n\t\t<h3 class=\"qodef-m-title\" >\n\t\t            <span class=\"qodef-m-title-inner\">\n                Contacta para asuntos de prensa, claves, patrocinios y mucho, mucho, much\u00edsimo <span class=\"qodef-m-decorated\">DINERO<\/span>            <\/span>\n\t\t\t<\/h3>\n\t\t\t<\/div>\n\t\t\t\t<\/div>\n\t\t\t\t<\/div>\n\t\t\t\t<section class=\"elementor-section elementor-inner-section elementor-element elementor-element-c98e08a elementor-section-full_width elementor-section-height-default elementor-section-height-default qodef-elementor-content-no\" data-id=\"c98e08a\" data-element_type=\"section\">\n\t\t\t\t\t\t<div class=\"elementor-container elementor-column-gap-default\">\n\t\t\t\t\t<div class=\"elementor-column elementor-col-100 elementor-inner-column elementor-element elementor-element-cedf4a7\" data-id=\"cedf4a7\" data-element_type=\"column\">\n\t\t\t<div class=\"elementor-widget-wrap elementor-element-populated\">\n\t\t\t\t\t\t<div class=\"elementor-element elementor-element-9a5ad6b elementor-widget__width-initial elementor-widget elementor-widget-artorias_core_list_items\" data-id=\"9a5ad6b\" data-element_type=\"widget\" data-widget_type=\"artorias_core_list_items.default\">\n\t\t\t\t<div class=\"elementor-widget-container\">\n\t\t\t\t\t<div class=\"qodef-list-items qodef-m\" >\n\t\t\t<h5 class=\"qodef-m-title\">\n\t\t\tSEVILLA, ESPA\u00d1A\t\t<\/h5>\n\t\t\t\t<ul class=\"qodef-m-list\">\n\t\t\t\t\t\t\t<li class=\"qodef-m-list-item\">\n\t\t\t\t\t<p>\t\t\t\t\t\t\t\t\t\t\t\t\t\t\t\t\t\t\t\t\t<a href=\"mailto:hi@notepike.com\" target=\"_self\">\n\t\t\t\t\t\t\t\t\t\t\t\t\t\t\thi@notepike.com\t\t\t\t\t\t\t\t\t\t\t\t\t\t\t<\/a>\n\t\t\t\t\t\t\t\t\t\t\t\t\t\t\t\t\t\t<\/p>\t\t\t\t<\/li>\n\t\t\t\t\t<\/ul>\n\t<\/div>\n\t\t\t\t<\/div>\n\t\t\t\t<\/div>\n\t\t\t\t\t<\/div>\n\t\t<\/div>\n\t\t\t\t\t<\/div>\n\t\t<\/section>\n\t\t\t\t\t<\/div>\n\t\t<\/div>\n\t\t\t\t\t<\/div>\n\t\t<\/section>\n\t\t\t\t<section class=\"elementor-section elementor-top-section elementor-element elementor-element-13b31fc elementor-section-full_width qodef-elementor-content-grid qodef-extended-grid qodef-extended-grid--left qodef-extended-grid-disabled--1024 elementor-section-height-default elementor-section-height-default\" data-id=\"13b31fc\" data-element_type=\"section\">\n\t\t\t\t\t\t<div class=\"elementor-container elementor-column-gap-default\">\n\t\t\t\t\t<div class=\"elementor-column elementor-col-50 elementor-top-column elementor-element elementor-element-9838ed0\" data-id=\"9838ed0\" data-element_type=\"column\">\n\t\t\t<div class=\"elementor-widget-wrap elementor-element-populated\">\n\t\t\t\t\t\t<div class=\"elementor-element elementor-element-66a0f79 elementor-widget elementor-widget-artorias_core_single_image\" data-id=\"66a0f79\" data-element_type=\"widget\" data-widget_type=\"artorias_core_single_image.default\">\n\t\t\t\t<div class=\"elementor-widget-container\">\n\t\t\t\t\t<div class=\"qodef-shortcode qodef-m  qodef-single-image qodef-layout--default\">\n\t\t\t<div class=\"qodef-m-image\">\n\t\t\t\t\t\t\t\t<img fetchpriority=\"high\" decoding=\"async\" width=\"828\" height=\"467\" src=\"https:\/\/notepike.com\/wp-content\/uploads\/2023\/07\/image.png\" class=\"attachment-full size-full\" alt=\"\" srcset=\"https:\/\/notepike.com\/wp-content\/uploads\/2023\/07\/image.png 828w, https:\/\/notepike.com\/wp-content\/uploads\/2023\/07\/image-600x338.png 600w, https:\/\/notepike.com\/wp-content\/uploads\/2023\/07\/image-300x169.png 300w, https:\/\/notepike.com\/wp-content\/uploads\/2023\/07\/image-768x433.png 768w\" sizes=\"(max-width: 828px) 100vw, 828px\" \/>\t\t\t\t\t\t\t<\/div>\n\t<\/div>\n\t\t\t\t<\/div>\n\t\t\t\t<\/div>\n\t\t\t\t\t<\/div>\n\t\t<\/div>\n\t\t\t\t<div class=\"elementor-column elementor-col-50 elementor-top-column elementor-element elementor-element-40f6573\" data-id=\"40f6573\" data-element_type=\"column\">\n\t\t\t<div class=\"elementor-widget-wrap elementor-element-populated\">\n\t\t\t\t\t\t<div class=\"elementor-element elementor-element-8d8a248 elementor-widget-mobile__width-inherit elementor-widget-tablet__width-initial elementor-widget elementor-widget-artorias_core_section_title\" data-id=\"8d8a248\" data-element_type=\"widget\" data-widget_type=\"artorias_core_section_title.default\">\n\t\t\t\t<div class=\"elementor-widget-container\">\n\t\t\t\t\t<div class=\"qodef-shortcode qodef-m  qodef-section-title qodef-alignment--left  qodef--has-appear\" style=\"--qode-column-gap: 30px\">\n\t\t<span class=\"qodef-m-tagline\" >\n        <span class=\"qodef-m-tagline-inner\">\n            MANIFESTO        <\/span>\n    <\/span>\n\t\t<h3 class=\"qodef-m-title\" >\n\t\t\t\t\t<a itemprop=\"url\" href=\"#\" target=\"_self\">\n\t\t            <span class=\"qodef-m-title-inner\">\n                LE DAMOS UN RETOQUE A LA PIRUETA MORTAL TRIPLE CON GIRO            <\/span>\n\t\t\t\t\t<\/a>\n\t\t\t<\/h3>\n\t\t\t<p class=\"qodef-m-text-area\" >Queremos romper moldes y sentir cosas muy de cerca con juegos extra contenidos que respetan tu tiempo y buen gusto.<\/p>\n\t<\/div>\n\t\t\t\t<\/div>\n\t\t\t\t<\/div>\n\t\t\t\t\t<\/div>\n\t\t<\/div>\n\t\t\t\t\t<\/div>\n\t\t<\/section>\n\t\t\t\t<\/div>","protected":false},"excerpt":{"rendered":"<p>ENCU\u00c9NTRANOS Contacta para asuntos de prensa, claves, patrocinios y mucho, mucho, much\u00edsimo DINERO SEVILLA, ESPA\u00d1A hi@notepike.com MANIFESTO LE DAMOS UN RETOQUE A LA PIRUETA MORTAL TRIPLE CON GIRO Queremos romper moldes y sentir cosas muy de cerca con juegos extra contenidos que respetan tu tiempo y buen gusto.<\/p>","protected":false},"author":1,"featured_media":0,"parent":0,"menu_order":0,"comment_status":"closed","ping_status":"closed","template":"","meta":{"inline_featured_image":false,"footnotes":""},"class_list":["post-2469","page","type-page","status-publish","hentry"],"_links":{"self":[{"href":"https:\/\/notepike.com\/es\/wp-json\/wp\/v2\/pages\/2469","targetHints":{"allow":["GET"]}}],"collection":[{"href":"https:\/\/notepike.com\/es\/wp-json\/wp\/v2\/pages"}],"about":[{"href":"https:\/\/notepike.com\/es\/wp-json\/wp\/v2\/types\/page"}],"author":[{"embeddable":true,"href":"https:\/\/notepike.com\/es\/wp-json\/wp\/v2\/users\/1"}],"replies":[{"embeddable":true,"href":"https:\/\/notepike.com\/es\/wp-json\/wp\/v2\/comments?post=2469"}],"version-history":[{"count":0,"href":"https:\/\/notepike.com\/es\/wp-json\/wp\/v2\/pages\/2469\/revisions"}],"wp:attachment":[{"href":"https:\/\/notepike.com\/es\/wp-json\/wp\/v2\/media?parent=2469"}],"curies":[{"name":"wp","href":"https:\/\/api.w.org\/{rel}","templated":true}]}}